{"id":767,"date":"2022-05-11T17:41:31","date_gmt":"2022-05-11T16:41:31","guid":{"rendered":"https:\/\/ps-sonic.com\/?post_type=product&#038;p=767"},"modified":"2022-07-27T12:12:55","modified_gmt":"2022-07-27T11:12:55","slug":"raumsensor-rc02a","status":"publish","type":"product","link":"https:\/\/ps-sonic.com\/pt\/produto\/raumsensor-rc02a\/","title":{"rendered":"Sensor ambiente RC02A"},"content":{"rendered":"<table width=\"624\">\n<thead>\n<tr>\n<td colspan=\"3\" width=\"624\"><strong>Dados t\u00e9cnicos<\/strong><\/td>\n<\/tr>\n<\/thead>\n<tbody>\n<tr>\n<td width=\"189\">Intervalo de medi\u00e7\u00e3o de CO2<sub>2<\/sub><\/td>\n<td width=\"66\">ppm<\/td>\n<td width=\"369\">0 a 3000<\/td>\n<\/tr>\n<tr>\n<td width=\"189\">Precis\u00e3o de medi\u00e7\u00e3o<\/td>\n<td width=\"66\">ppm<\/td>\n<td width=\"369\">\u00b130<\/td>\n<\/tr>\n<tr>\n<td width=\"189\">Depend\u00eancia de temperatura do CO<sub>2<\/sub><\/td>\n<td width=\"66\">ppm\/\u00b0C<\/td>\n<td width=\"369\">\u00b15<\/td>\n<\/tr>\n<tr>\n<td width=\"189\">Depend\u00eancia de press\u00e3o<\/td>\n<td width=\"66\">%\/mm<\/td>\n<td width=\"369\">\u00b10,13<\/td>\n<\/tr>\n<tr>\n<td width=\"189\">Troca de g\u00e1s<\/td>\n<td width=\"66\"><\/td>\n<td width=\"369\">Difus\u00e3o<\/td>\n<\/tr>\n<tr>\n<td width=\"189\">Per\u00edodo de arranque<\/td>\n<td width=\"66\">h<\/td>\n<td width=\"369\">ca. 1<\/td>\n<\/tr>\n<tr>\n<td width=\"189\">Tempo de resposta<\/td>\n<td width=\"66\">min<\/td>\n<td width=\"369\">&lt; 2<\/td>\n<\/tr>\n<tr>\n<td width=\"189\">Tipo de circuito<\/td>\n<td width=\"66\"><\/td>\n<td width=\"369\">Circuito de 2 fios (sem prote\u00e7\u00e3o de polaridade inversa!)<\/td>\n<\/tr>\n<tr>\n<td width=\"189\">Temperatura ambiente<\/td>\n<td width=\"66\">\u00b0C<\/td>\n<td width=\"369\">0 a +50<\/td>\n<\/tr>\n<tr>\n<td width=\"189\">Sensor<\/td>\n<td width=\"66\"><\/td>\n<td width=\"369\">sensor NDIR \u00f3tico (tecnologia infravermelha n\u00e3o dispersiva),<br \/>\ncom calibra\u00e7\u00e3o manual (atrav\u00e9s do bot\u00e3o zero), com calibra\u00e7\u00e3o autom\u00e1tica (pode ser desligado atrav\u00e9s do interruptor DIP)<\/td>\n<\/tr>\n<tr>\n<td width=\"189\">Caixa<\/td>\n<td width=\"66\"><\/td>\n<td width=\"369\">Pl\u00e1stico, material ABS,\ncor branco puro (semelhante a RAL 9010)<br \/>\nFarbe Reinwei\u00df (\u00e4hnlich RAL 9010)<\/td>\n<\/tr>\n<tr>\n<td width=\"189\">Dimens\u00f5es<\/td>\n<td width=\"66\">mm<\/td>\n<td width=\"369\">85 x 85 x 27<\/td>\n<\/tr>\n<tr>\n<td width=\"189\">Estabilidade a longo prazo<\/td>\n<td width=\"66\">%<\/td>\n<td width=\"369\">&lt; 2<\/td>\n<\/tr>\n<tr>\n<td width=\"189\">Classe de prote\u00e7\u00e3o<\/td>\n<td width=\"66\"><\/td>\n<td width=\"369\">III (conforme a EN 60730)<\/td>\n<\/tr>\n<tr>\n<td width=\"189\">Grau de prote\u00e7\u00e3o<\/td>\n<td width=\"66\">IP<\/td>\n<td width=\"369\">30 (conforme a EN 60529)<\/td>\n<\/tr>\n<\/tbody>\n<\/table>","protected":false},"excerpt":{"rendered":"<p>O sensor ambiente RC02A \u00e9 um sensor de qualidade do ar CO<sub>2<\/sub>livre de manuten\u00e7\u00e3o com visor de sem\u00e1foro e sinal ac\u00fastico, com autocalibra\u00e7\u00e3o, para determinar o conte\u00fado de CO<sub>2<\/sub>do ar ambiente. O transmissor converte a vari\u00e1vel medida num sinal padr\u00e3o, que \u00e9 exibido diretamente atrav\u00e9s de LED coloridos (visor de sem\u00e1foro) em cinco fases.<\/p>\n<p>&nbsp;<\/p>\n<p>Caracter\u00edsticas:<\/p>\n<ul>\n<li>vers\u00e3o m\u00f3vel pronta para uso imediato<\/li>\n<li>5 LED em tr\u00eas cores e luminosidade gradual para uma indica\u00e7\u00e3o clara da concentra\u00e7\u00e3o de CO2 na sala<sub>2<\/sub>-Konzentration im Raum<\/li>\n<li>autocalibra\u00e7\u00e3o e sem necessidade de manuten\u00e7\u00e3o<\/li>\n<li>inclui suporte em a\u00e7o inoxid\u00e1vel<\/li>\n<\/ul>","protected":false},"featured_media":969,"comment_status":"open","ping_status":"closed","template":"","meta":[],"product_cat":[40,20],"product_tag":[],"yoast_head":"<!-- This site is optimized with the Yoast SEO plugin v18.6 - https:\/\/yoast.com\/wordpress\/plugins\/seo\/ -->\n<title>Raumsensor RC02A - Supersonic<\/title>\n<meta name=\"robots\" content=\"index, follow, max-snippet:-1, max-image-preview:large, max-video-preview:-1\" \/>\n<link rel=\"canonical\" href=\"https:\/\/ps-sonic.com\/pt\/produto\/raumsensor-rc02a\/\" \/>\n<meta property=\"og:locale\" content=\"pt_PT\" \/>\n<meta property=\"og:type\" content=\"article\" \/>\n<meta property=\"og:title\" content=\"Raumsensor RC02A - Supersonic\" \/>\n<meta property=\"og:description\" content=\"Der Raumsensor RC02A ist ein wartungsfreier CO2-Luftqualit\u00e4tsf\u00fchler mit Ampelanzeige und akustischem Signal, selbstkalibrierend, zur Ermittlung des CO2-Gehalts der Raumluft. Der Messumformer wandelt die Messgr\u00f6\u00dfe in ein Normsignal, welches unmittelbar \u00fcber farbige LEDs (Ampelanzeige) in f\u00fcnf Stufen optisch dargestellt wird.  &nbsp;  Eigenschaften:   Sofort betriebsbereite mobile Ausf\u00fchrung  5 LEDs in drei Farben und abgestufter Leuchtst\u00e4rke zur klaren Anzeige der CO2-Konzentration im Raum  Selbstkalibrierend und wartungsfrei  Standhalter aus Edelstahl\" \/>\n<meta property=\"og:url\" content=\"https:\/\/ps-sonic.com\/pt\/produto\/raumsensor-rc02a\/\" \/>\n<meta property=\"og:site_name\" content=\"Supersonic\" \/>\n<meta property=\"article:modified_time\" content=\"2022-07-27T11:12:55+00:00\" \/>\n<meta property=\"og:image\" content=\"https:\/\/ps-sonic.com\/wp-content\/uploads\/2022\/05\/RCO2-A-UP-NT__baldur1_maxi-mL_rgb.jpg\" \/>\n\t<meta property=\"og:image:width\" content=\"2107\" \/>\n\t<meta property=\"og:image:height\" content=\"2471\" \/>\n\t<meta property=\"og:image:type\" content=\"image\/jpeg\" \/>\n<meta name=\"twitter:card\" content=\"summary_large_image\" \/>\n<meta name=\"twitter:label1\" content=\"Tempo estimado de leitura\" \/>\n\t<meta name=\"twitter:data1\" content=\"1 minuto\" \/>\n<script type=\"application\/ld+json\" class=\"yoast-schema-graph\">{\"@context\":\"https:\/\/schema.org\",\"@graph\":[{\"@type\":\"WebSite\",\"@id\":\"https:\/\/ps-sonic.com\/#website\",\"url\":\"https:\/\/ps-sonic.com\/\",\"name\":\"Supersonic\",\"description\":\"Supersonic - A Arte da Humidifica\u00e7\u00e3o\",\"potentialAction\":[{\"@type\":\"SearchAction\",\"target\":{\"@type\":\"EntryPoint\",\"urlTemplate\":\"https:\/\/ps-sonic.com\/?s={search_term_string}\"},\"query-input\":\"required name=search_term_string\"}],\"inLanguage\":\"pt-PT\"},{\"@type\":\"ImageObject\",\"@id\":\"https:\/\/ps-sonic.com\/produto\/raumsensor-rc02a\/#primaryimage\",\"inLanguage\":\"pt-PT\",\"url\":\"https:\/\/ps-sonic.com\/wp-content\/uploads\/2022\/05\/RCO2-A-UP-NT__baldur1_maxi-mL_rgb.jpg\",\"contentUrl\":\"https:\/\/ps-sonic.com\/wp-content\/uploads\/2022\/05\/RCO2-A-UP-NT__baldur1_maxi-mL_rgb.jpg\",\"width\":2107,\"height\":2471},{\"@type\":\"WebPage\",\"@id\":\"https:\/\/ps-sonic.com\/produto\/raumsensor-rc02a\/#webpage\",\"url\":\"https:\/\/ps-sonic.com\/produto\/raumsensor-rc02a\/\",\"name\":\"Raumsensor RC02A - Supersonic\",\"isPartOf\":{\"@id\":\"https:\/\/ps-sonic.com\/#website\"},\"primaryImageOfPage\":{\"@id\":\"https:\/\/ps-sonic.com\/produto\/raumsensor-rc02a\/#primaryimage\"},\"datePublished\":\"2022-05-11T16:41:31+00:00\",\"dateModified\":\"2022-07-27T11:12:55+00:00\",\"breadcrumb\":{\"@id\":\"https:\/\/ps-sonic.com\/produto\/raumsensor-rc02a\/#breadcrumb\"},\"inLanguage\":\"pt-PT\",\"potentialAction\":[{\"@type\":\"ReadAction\",\"target\":[\"https:\/\/ps-sonic.com\/produto\/raumsensor-rc02a\/\"]}]},{\"@type\":\"BreadcrumbList\",\"@id\":\"https:\/\/ps-sonic.com\/produto\/raumsensor-rc02a\/#breadcrumb\",\"itemListElement\":[{\"@type\":\"ListItem\",\"position\":1,\"name\":\"In\u00edcio\",\"item\":\"https:\/\/ps-sonic.com\/\"},{\"@type\":\"ListItem\",\"position\":2,\"name\":\"Produkt\",\"item\":\"https:\/\/ps-sonic.com\/produkt\/\"},{\"@type\":\"ListItem\",\"position\":3,\"name\":\"Raumsensor RC02A\"}]}]}<\/script>\n<!-- \/ Yoast SEO plugin. -->","yoast_head_json":{"title":"Raumsensor RC02A - Supersonic","robots":{"index":"index","follow":"follow","max-snippet":"max-snippet:-1","max-image-preview":"max-image-preview:large","max-video-preview":"max-video-preview:-1"},"canonical":"https:\/\/ps-sonic.com\/pt\/produto\/raumsensor-rc02a\/","og_locale":"pt_PT","og_type":"article","og_title":"Raumsensor RC02A - Supersonic","og_description":"Der Raumsensor RC02A ist ein wartungsfreier CO2-Luftqualit\u00e4tsf\u00fchler mit Ampelanzeige und akustischem Signal, selbstkalibrierend, zur Ermittlung des CO2-Gehalts der Raumluft. Der Messumformer wandelt die Messgr\u00f6\u00dfe in ein Normsignal, welches unmittelbar \u00fcber farbige LEDs (Ampelanzeige) in f\u00fcnf Stufen optisch dargestellt wird.  &nbsp;  Eigenschaften:   Sofort betriebsbereite mobile Ausf\u00fchrung  5 LEDs in drei Farben und abgestufter Leuchtst\u00e4rke zur klaren Anzeige der CO2-Konzentration im Raum  Selbstkalibrierend und wartungsfrei  Standhalter aus Edelstahl","og_url":"https:\/\/ps-sonic.com\/pt\/produto\/raumsensor-rc02a\/","og_site_name":"Supersonic","article_modified_time":"2022-07-27T11:12:55+00:00","og_image":[{"width":2107,"height":2471,"url":"https:\/\/ps-sonic.com\/wp-content\/uploads\/2022\/05\/RCO2-A-UP-NT__baldur1_maxi-mL_rgb.jpg","type":"image\/jpeg"}],"twitter_card":"summary_large_image","twitter_misc":{"Tempo estimado de leitura":"1 minuto"},"schema":{"@context":"https:\/\/schema.org","@graph":[{"@type":"WebSite","@id":"https:\/\/ps-sonic.com\/#website","url":"https:\/\/ps-sonic.com\/","name":"Supersonic","description":"Supersonic - A Arte da Humidifica\u00e7\u00e3o","potentialAction":[{"@type":"SearchAction","target":{"@type":"EntryPoint","urlTemplate":"https:\/\/ps-sonic.com\/?s={search_term_string}"},"query-input":"required name=search_term_string"}],"inLanguage":"pt-PT"},{"@type":"ImageObject","@id":"https:\/\/ps-sonic.com\/produto\/raumsensor-rc02a\/#primaryimage","inLanguage":"pt-PT","url":"https:\/\/ps-sonic.com\/wp-content\/uploads\/2022\/05\/RCO2-A-UP-NT__baldur1_maxi-mL_rgb.jpg","contentUrl":"https:\/\/ps-sonic.com\/wp-content\/uploads\/2022\/05\/RCO2-A-UP-NT__baldur1_maxi-mL_rgb.jpg","width":2107,"height":2471},{"@type":"WebPage","@id":"https:\/\/ps-sonic.com\/produto\/raumsensor-rc02a\/#webpage","url":"https:\/\/ps-sonic.com\/produto\/raumsensor-rc02a\/","name":"Raumsensor RC02A - Supersonic","isPartOf":{"@id":"https:\/\/ps-sonic.com\/#website"},"primaryImageOfPage":{"@id":"https:\/\/ps-sonic.com\/produto\/raumsensor-rc02a\/#primaryimage"},"datePublished":"2022-05-11T16:41:31+00:00","dateModified":"2022-07-27T11:12:55+00:00","breadcrumb":{"@id":"https:\/\/ps-sonic.com\/produto\/raumsensor-rc02a\/#breadcrumb"},"inLanguage":"pt-PT","potentialAction":[{"@type":"ReadAction","target":["https:\/\/ps-sonic.com\/produto\/raumsensor-rc02a\/"]}]},{"@type":"BreadcrumbList","@id":"https:\/\/ps-sonic.com\/produto\/raumsensor-rc02a\/#breadcrumb","itemListElement":[{"@type":"ListItem","position":1,"name":"In\u00edcio","item":"https:\/\/ps-sonic.com\/"},{"@type":"ListItem","position":2,"name":"Produkt","item":"https:\/\/ps-sonic.com\/produkt\/"},{"@type":"ListItem","position":3,"name":"Raumsensor RC02A"}]}]}},"_links":{"self":[{"href":"https:\/\/ps-sonic.com\/pt\/wp-json\/wp\/v2\/product\/767"}],"collection":[{"href":"https:\/\/ps-sonic.com\/pt\/wp-json\/wp\/v2\/product"}],"about":[{"href":"https:\/\/ps-sonic.com\/pt\/wp-json\/wp\/v2\/types\/product"}],"replies":[{"embeddable":true,"href":"https:\/\/ps-sonic.com\/pt\/wp-json\/wp\/v2\/comments?post=767"}],"wp:featuredmedia":[{"embeddable":true,"href":"https:\/\/ps-sonic.com\/pt\/wp-json\/wp\/v2\/media\/969"}],"wp:attachment":[{"href":"https:\/\/ps-sonic.com\/pt\/wp-json\/wp\/v2\/media?parent=767"}],"wp:term":[{"taxonomy":"product_cat","embeddable":true,"href":"https:\/\/ps-sonic.com\/pt\/wp-json\/wp\/v2\/product_cat?post=767"},{"taxonomy":"product_tag","embeddable":true,"href":"https:\/\/ps-sonic.com\/pt\/wp-json\/wp\/v2\/product_tag?post=767"}],"curies":[{"name":"wp","href":"https:\/\/api.w.org\/{rel}","templated":true}]}}