{"id":880,"date":"2022-07-08T10:39:57","date_gmt":"2022-07-08T09:39:57","guid":{"rendered":"https:\/\/ps-sonic.com\/?post_type=product&#038;p=880"},"modified":"2024-10-27T18:49:03","modified_gmt":"2024-10-27T18:49:03","slug":"ultraschallbefeuchter-fq08d","status":"publish","type":"product","link":"https:\/\/ps-sonic.com\/pt\/produto\/ultraschallbefeuchter-fq08d\/","title":{"rendered":"Humidificador ultrass\u00f3nico FQ08D"},"content":{"rendered":"<table width=\"444\">\n<tbody>\n<tr>\n<td colspan=\"3\" width=\"444\"><strong>Dados t\u00e9cnicos<\/strong><\/td>\n<\/tr>\n<tr>\n<td width=\"196\">Capacidade<\/td>\n<td width=\"71\">kg\/h<\/td>\n<td width=\"177\">4,0<\/td>\n<\/tr>\n<tr>\n<td width=\"196\">Consumo de energia<\/td>\n<td width=\"71\">W<\/td>\n<td width=\"177\">240<\/td>\n<\/tr>\n<tr>\n<td width=\"196\">Dimens\u00f5es (LxAxP)<\/td>\n<td width=\"71\">mm<\/td>\n<td width=\"177\">112 x 424 x 155<\/td>\n<\/tr>\n<tr>\n<td width=\"196\">Peso sem carga<\/td>\n<td width=\"71\">kg<\/td>\n<td width=\"177\">&nbsp;<\/td>\n<\/tr>\n<tr>\n<td width=\"196\">Peso de funcionamento<\/td>\n<td width=\"71\">kg<\/td>\n<td width=\"177\">&nbsp;<\/td>\n<\/tr>\n<tr>\n<td width=\"196\">Fonte de alimenta\u00e7\u00e3o<\/td>\n<td width=\"71\">V\/Ph\/Hz<\/td>\n<td width=\"177\">48\/1\/50 a 60<\/td>\n<\/tr>\n<tr>\n<td width=\"196\">Corrente de funcionamento<\/td>\n<td width=\"71\">A<\/td>\n<td width=\"177\">&nbsp;<\/td>\n<\/tr>\n<tr>\n<td width=\"196\">Sec\u00e7\u00e3o transversal do cabo, m\u00edn.<\/td>\n<td width=\"71\">mm\u00b2<\/td>\n<td width=\"177\">2 x 1,0<\/td>\n<\/tr>\n<tr>\n<td width=\"196\">Proporcional<\/td>\n<td width=\"71\">&nbsp;<\/td>\n<td width=\"177\">Sim (0 bis 10 V DC)<\/td>\n<\/tr>\n<tr>\n<td width=\"196\">Higr\u00f3stato<\/td>\n<td width=\"71\">&nbsp;<\/td>\n<td width=\"177\">sim (ON-OFF)<\/td>\n<\/tr>\n<tr>\n<td width=\"196\">Temperatura ambiente<\/td>\n<td width=\"71\">\u00b0C<\/td>\n<td width=\"177\">+1 a +45<\/td>\n<\/tr>\n<tr>\n<td width=\"196\">Humidade relativa<\/td>\n<td width=\"71\">r.F.<\/td>\n<td width=\"177\">&lt; 90<\/td>\n<\/tr>\n<tr>\n<td width=\"196\">Temperatura da \u00e1gua<\/td>\n<td width=\"71\">\u00b0C<\/td>\n<td width=\"177\">+1 a +40<\/td>\n<\/tr>\n<tr>\n<td width=\"196\">Press\u00e3o de entrada de \u00e1gua<\/td>\n<td width=\"71\">bar<\/td>\n<td width=\"177\">0,2 a 4<\/td>\n<\/tr>\n<tr>\n<td width=\"196\">Condutividade da \u00e1gua<\/td>\n<td width=\"71\">\u00b5S\/cm<\/td>\n<td width=\"177\">&lt; 80, a curto prazo 100<\/td>\n<\/tr>\n<tr>\n<td width=\"196\">Dureza da \u00e1gua<\/td>\n<td width=\"71\">\u00b0dH<\/td>\n<td width=\"177\">&lt; 1<\/td>\n<\/tr>\n<\/tbody>\n<\/table>","protected":false},"excerpt":{"rendered":"<p>O humidificador ultrass\u00f3nico FQ, com uma capacidade de humidifica\u00e7\u00e3o de 4,0 kg\/h, cont\u00e9m a placa de controlo alargada incluindo um visor de 7 segmentos e um bot\u00e3o para parametriza\u00e7\u00e3o. Uma v\u00e1lvula de drenagem para lavagem ou drenagem do humidificador ultrass\u00f3nico est\u00e1 integrada como padr\u00e3o, assim como uma mensagem de funcionamento e alarme para liga\u00e7\u00e3o ao sistema de controlo do edif\u00edcio. O FQ tem v\u00e1rias entradas de guia de ar para um transporte mais preciso da humidade a partir do humidificador ultrass\u00f3nico.<\/p>\n<p>Vantagens:<\/p>\n<ul>\n<li>entradas m\u00faltiplas de condutas de ar<\/li>\n<li>caixa em a\u00e7o inoxid\u00e1vel 1.4301<\/li>\n<li>produ\u00e7\u00e3o precisa de humidade sem distor\u00e7\u00e3o<\/li>\n<li>indicador de funcionamento, bem como de alarme<\/li>\n<li>v\u00e1lvula de drenagem integrada<\/li>\n<li>controlo de ventilador integrado<\/li>\n<\/ul>","protected":false},"featured_media":0,"comment_status":"open","ping_status":"closed","template":"","meta":[],"product_cat":[21,44],"product_tag":[],"yoast_head":"<!-- This site is optimized with the Yoast SEO plugin v18.6 - https:\/\/yoast.com\/wordpress\/plugins\/seo\/ -->\n<title>Ultraschallbefeuchter FQ08D - Supersonic<\/title>\n<meta name=\"robots\" content=\"index, follow, max-snippet:-1, max-image-preview:large, max-video-preview:-1\" \/>\n<link rel=\"canonical\" href=\"https:\/\/ps-sonic.com\/pt\/produto\/ultraschallbefeuchter-fq08d\/\" \/>\n<meta property=\"og:locale\" content=\"pt_PT\" \/>\n<meta property=\"og:type\" content=\"article\" \/>\n<meta property=\"og:title\" content=\"Ultraschallbefeuchter FQ08D - Supersonic\" \/>\n<meta property=\"og:description\" content=\"Der Ultraschallbefeuchter FQ mit einer Befeuchterleistung von 2,0 kg\/h, enth\u00e4lt die erweiterte Steuerungsplatine inklusive einer 7-Segment-Anzeige und einem Taster zur Parametrierung. Standardm\u00e4\u00dfig ist ein Ablassventil zur Sp\u00fclung oder Entleerung des Ultraschallbefeuchters integriert sowie eine Betriebs- und Alarmmeldung f\u00fcr den Anschluss an die Geb\u00e4udeleittechnik. Der FQ besitzt mehrere Luftf\u00fchrungseing\u00e4nge f\u00fcr einen pr\u00e4ziseren Transport der Feuchte aus dem Ultraschallbefeuchter.  Vorteile:   Mehrere Luftf\u00fchrungseing\u00e4nge  Geh\u00e4use aus Edelstahl 1.4301  Pr\u00e4zise Feuchteproduktion ohne Verzug  Betriebs- sowie Alarmmeldung  Integriertes Ablassventil  Optionale L\u00fcftersteuerung\" \/>\n<meta property=\"og:url\" content=\"https:\/\/ps-sonic.com\/pt\/produto\/ultraschallbefeuchter-fq08d\/\" \/>\n<meta property=\"og:site_name\" content=\"Supersonic\" \/>\n<meta property=\"article:modified_time\" content=\"2024-10-27T18:49:03+00:00\" \/>\n<meta name=\"twitter:card\" content=\"summary_large_image\" \/>\n<meta name=\"twitter:label1\" content=\"Tempo estimado de leitura\" \/>\n\t<meta name=\"twitter:data1\" content=\"1 minuto\" \/>\n<script type=\"application\/ld+json\" class=\"yoast-schema-graph\">{\"@context\":\"https:\/\/schema.org\",\"@graph\":[{\"@type\":\"WebSite\",\"@id\":\"https:\/\/ps-sonic.com\/#website\",\"url\":\"https:\/\/ps-sonic.com\/\",\"name\":\"Supersonic\",\"description\":\"Supersonic - A Arte da Humidifica\u00e7\u00e3o\",\"potentialAction\":[{\"@type\":\"SearchAction\",\"target\":{\"@type\":\"EntryPoint\",\"urlTemplate\":\"https:\/\/ps-sonic.com\/?s={search_term_string}\"},\"query-input\":\"required name=search_term_string\"}],\"inLanguage\":\"pt-PT\"},{\"@type\":\"WebPage\",\"@id\":\"https:\/\/ps-sonic.com\/produto\/ultraschallbefeuchter-fq08d\/#webpage\",\"url\":\"https:\/\/ps-sonic.com\/produto\/ultraschallbefeuchter-fq08d\/\",\"name\":\"Ultraschallbefeuchter FQ08D - Supersonic\",\"isPartOf\":{\"@id\":\"https:\/\/ps-sonic.com\/#website\"},\"datePublished\":\"2022-07-08T09:39:57+00:00\",\"dateModified\":\"2024-10-27T18:49:03+00:00\",\"breadcrumb\":{\"@id\":\"https:\/\/ps-sonic.com\/produto\/ultraschallbefeuchter-fq08d\/#breadcrumb\"},\"inLanguage\":\"pt-PT\",\"potentialAction\":[{\"@type\":\"ReadAction\",\"target\":[\"https:\/\/ps-sonic.com\/produto\/ultraschallbefeuchter-fq08d\/\"]}]},{\"@type\":\"BreadcrumbList\",\"@id\":\"https:\/\/ps-sonic.com\/produto\/ultraschallbefeuchter-fq08d\/#breadcrumb\",\"itemListElement\":[{\"@type\":\"ListItem\",\"position\":1,\"name\":\"In\u00edcio\",\"item\":\"https:\/\/ps-sonic.com\/\"},{\"@type\":\"ListItem\",\"position\":2,\"name\":\"Produkt\",\"item\":\"https:\/\/ps-sonic.com\/produkt\/\"},{\"@type\":\"ListItem\",\"position\":3,\"name\":\"Ultraschallbefeuchter FQ08D\"}]}]}<\/script>\n<!-- \/ Yoast SEO plugin. -->","yoast_head_json":{"title":"Ultraschallbefeuchter FQ08D - Supersonic","robots":{"index":"index","follow":"follow","max-snippet":"max-snippet:-1","max-image-preview":"max-image-preview:large","max-video-preview":"max-video-preview:-1"},"canonical":"https:\/\/ps-sonic.com\/pt\/produto\/ultraschallbefeuchter-fq08d\/","og_locale":"pt_PT","og_type":"article","og_title":"Ultraschallbefeuchter FQ08D - Supersonic","og_description":"Der Ultraschallbefeuchter FQ mit einer Befeuchterleistung von 2,0 kg\/h, enth\u00e4lt die erweiterte Steuerungsplatine inklusive einer 7-Segment-Anzeige und einem Taster zur Parametrierung. Standardm\u00e4\u00dfig ist ein Ablassventil zur Sp\u00fclung oder Entleerung des Ultraschallbefeuchters integriert sowie eine Betriebs- und Alarmmeldung f\u00fcr den Anschluss an die Geb\u00e4udeleittechnik. Der FQ besitzt mehrere Luftf\u00fchrungseing\u00e4nge f\u00fcr einen pr\u00e4ziseren Transport der Feuchte aus dem Ultraschallbefeuchter.  Vorteile:   Mehrere Luftf\u00fchrungseing\u00e4nge  Geh\u00e4use aus Edelstahl 1.4301  Pr\u00e4zise Feuchteproduktion ohne Verzug  Betriebs- sowie Alarmmeldung  Integriertes Ablassventil  Optionale L\u00fcftersteuerung","og_url":"https:\/\/ps-sonic.com\/pt\/produto\/ultraschallbefeuchter-fq08d\/","og_site_name":"Supersonic","article_modified_time":"2024-10-27T18:49:03+00:00","twitter_card":"summary_large_image","twitter_misc":{"Tempo estimado de leitura":"1 minuto"},"schema":{"@context":"https:\/\/schema.org","@graph":[{"@type":"WebSite","@id":"https:\/\/ps-sonic.com\/#website","url":"https:\/\/ps-sonic.com\/","name":"Supersonic","description":"Supersonic - A Arte da Humidifica\u00e7\u00e3o","potentialAction":[{"@type":"SearchAction","target":{"@type":"EntryPoint","urlTemplate":"https:\/\/ps-sonic.com\/?s={search_term_string}"},"query-input":"required name=search_term_string"}],"inLanguage":"pt-PT"},{"@type":"WebPage","@id":"https:\/\/ps-sonic.com\/produto\/ultraschallbefeuchter-fq08d\/#webpage","url":"https:\/\/ps-sonic.com\/produto\/ultraschallbefeuchter-fq08d\/","name":"Ultraschallbefeuchter FQ08D - Supersonic","isPartOf":{"@id":"https:\/\/ps-sonic.com\/#website"},"datePublished":"2022-07-08T09:39:57+00:00","dateModified":"2024-10-27T18:49:03+00:00","breadcrumb":{"@id":"https:\/\/ps-sonic.com\/produto\/ultraschallbefeuchter-fq08d\/#breadcrumb"},"inLanguage":"pt-PT","potentialAction":[{"@type":"ReadAction","target":["https:\/\/ps-sonic.com\/produto\/ultraschallbefeuchter-fq08d\/"]}]},{"@type":"BreadcrumbList","@id":"https:\/\/ps-sonic.com\/produto\/ultraschallbefeuchter-fq08d\/#breadcrumb","itemListElement":[{"@type":"ListItem","position":1,"name":"In\u00edcio","item":"https:\/\/ps-sonic.com\/"},{"@type":"ListItem","position":2,"name":"Produkt","item":"https:\/\/ps-sonic.com\/produkt\/"},{"@type":"ListItem","position":3,"name":"Ultraschallbefeuchter FQ08D"}]}]}},"_links":{"self":[{"href":"https:\/\/ps-sonic.com\/pt\/wp-json\/wp\/v2\/product\/880"}],"collection":[{"href":"https:\/\/ps-sonic.com\/pt\/wp-json\/wp\/v2\/product"}],"about":[{"href":"https:\/\/ps-sonic.com\/pt\/wp-json\/wp\/v2\/types\/product"}],"replies":[{"embeddable":true,"href":"https:\/\/ps-sonic.com\/pt\/wp-json\/wp\/v2\/comments?post=880"}],"wp:attachment":[{"href":"https:\/\/ps-sonic.com\/pt\/wp-json\/wp\/v2\/media?parent=880"}],"wp:term":[{"taxonomy":"product_cat","embeddable":true,"href":"https:\/\/ps-sonic.com\/pt\/wp-json\/wp\/v2\/product_cat?post=880"},{"taxonomy":"product_tag","embeddable":true,"href":"https:\/\/ps-sonic.com\/pt\/wp-json\/wp\/v2\/product_tag?post=880"}],"curies":[{"name":"wp","href":"https:\/\/api.w.org\/{rel}","templated":true}]}}