{"id":889,"date":"2022-07-08T10:58:19","date_gmt":"2022-07-08T09:58:19","guid":{"rendered":"https:\/\/ps-sonic.com\/?post_type=product&#038;p=889"},"modified":"2025-06-05T23:02:54","modified_gmt":"2025-06-05T22:02:54","slug":"ultraschallbefeuchter-lrp4-0","status":"publish","type":"product","link":"https:\/\/ps-sonic.com\/pt\/produto\/ultraschallbefeuchter-lrp4-0\/","title":{"rendered":"Humidificador ultrass\u00f3nico LRP4.0"},"content":{"rendered":"<table width=\"444\">\n<thead>\n<tr>\n<td colspan=\"3\" width=\"444\"><strong>Dados t\u00e9cnicos<\/strong><\/td>\n<\/tr>\n<\/thead>\n<tbody>\n<tr>\n<td width=\"196\">Capacidade<\/td>\n<td width=\"71\">kg\/h<\/td>\n<td width=\"177\">4,0<\/td>\n<\/tr>\n<tr>\n<td width=\"196\">Consumo de energia<\/td>\n<td width=\"71\">VA<\/td>\n<td width=\"177\">250<\/td>\n<\/tr>\n<tr>\n<td width=\"196\">Dimens\u00f5es (LxAxP)<\/td>\n<td width=\"71\">mm<\/td>\n<td width=\"177\">211 x 496,5 x 218 mm<\/td>\n<\/tr>\n<tr>\n<td width=\"196\">Peso sem carga<\/td>\n<td width=\"71\">kg<\/td>\n<td width=\"177\">9,0<\/td>\n<\/tr>\n<tr>\n<td width=\"196\">Peso de funcionamento<\/td>\n<td width=\"71\">kg<\/td>\n<td width=\"177\">11,5<\/td>\n<\/tr>\n<tr>\n<td width=\"196\">Fonte de alimenta\u00e7\u00e3o<\/td>\n<td width=\"71\">V\/Ph\/Hz<\/td>\n<td width=\"177\">48\/1\/50 a 60<\/td>\n<\/tr>\n<tr>\n<td width=\"196\">Corrente de funcionamento<\/td>\n<td width=\"71\">A<\/td>\n<td width=\"177\">5,2<\/td>\n<\/tr>\n<tr>\n<td width=\"196\">Sec\u00e7\u00e3o transversal do cabo, m\u00edn.<\/td>\n<td width=\"71\">mm\u00b2<\/td>\n<td width=\"177\">2x 1,5<\/td>\n<\/tr>\n<tr>\n<td width=\"196\">Proporcional<\/td>\n<td width=\"71\"><\/td>\n<td width=\"177\">Sim (0 bis 10 V DC)<\/td>\n<\/tr>\n<tr>\n<td width=\"196\">Higr\u00f3stato<\/td>\n<td width=\"71\"><\/td>\n<td width=\"177\">sim (ON-OFF)<\/td>\n<\/tr>\n<tr>\n<td width=\"196\">Temperatura ambiente<\/td>\n<td width=\"71\">\u00b0C<\/td>\n<td width=\"177\">+5 bis +40<\/td>\n<\/tr>\n<tr>\n<td width=\"196\">Humidade relativa<\/td>\n<td width=\"71\">r.F.<\/td>\n<td width=\"177\">&lt; 90<\/td>\n<\/tr>\n<tr>\n<td width=\"196\">Temperatura da \u00e1gua<\/td>\n<td width=\"71\">\u00b0C<\/td>\n<td width=\"177\">+5 bis +35<\/td>\n<\/tr>\n<tr>\n<td width=\"196\">Press\u00e3o de entrada de \u00e1gua<\/td>\n<td width=\"71\">bar<\/td>\n<td width=\"177\">0,2 a 4<\/td>\n<\/tr>\n<tr>\n<td width=\"196\">Condutividade da \u00e1gua<\/td>\n<td width=\"71\">\u00b5S\/cm<\/td>\n<td width=\"177\">&lt; 80<\/td>\n<\/tr>\n<tr>\n<td width=\"196\">Dureza da \u00e1gua<\/td>\n<td width=\"71\">\u00b0dH<\/td>\n<td width=\"177\">&lt; 1<\/td>\n<\/tr>\n<\/tbody>\n<\/table>","protected":false},"excerpt":{"rendered":"<p>O humidificador ultrass\u00f3nico LRP4.0 \u00e9 um humidificador de sala da s\u00e9rie LRP com uma capacidade de humidifica\u00e7\u00e3o de 4,0 kg\/h. Cont\u00e9m a sua pr\u00f3pria placa de controlo incluindo um visor de 7 segmentos e um bot\u00e3o para parametriza\u00e7\u00e3o. Est\u00e1 integrada como padr\u00e3o uma v\u00e1lvula de drenagem para a lavagem ou drenagem do humidificador ultrass\u00f3nico.<\/p>\n<ul>\n<li>ventiladores de fluxo cruzado para uma distribui\u00e7\u00e3o ideal da humidade.<\/li>\n<li>produ\u00e7\u00e3o cont\u00ednua de n\u00e9voa atrav\u00e9s da aplica\u00e7\u00e3o de um sinal de tens\u00e3o no local.<\/li>\n<li>mensagens de funcionamento e alarme atrav\u00e9s de contactos sem potencial para liga\u00e7\u00e3o ao sistema de controlo do edif\u00edcio.<\/li>\n<\/ul>\n<p>Vantagens:<\/p>\n<ul>\n<li>elementos guia de n\u00e9voa com anel de gotejamento<\/li>\n<li>ventiladores de fluxo cruzado para uma dist\u00e2ncia de lan\u00e7amento ideal<\/li>\n<li>produ\u00e7\u00e3o de humidade sem distor\u00e7\u00e3o<\/li>\n<li>v\u00e1lvula de drenagem integrada<\/li>\n<li>sinal de funcionamento e de alarme<\/li>\n<\/ul>","protected":false},"featured_media":952,"comment_status":"open","ping_status":"closed","template":"","meta":[],"product_cat":[21,35],"product_tag":[],"yoast_head":"<!-- This site is optimized with the Yoast SEO plugin v18.6 - https:\/\/yoast.com\/wordpress\/plugins\/seo\/ -->\n<title>Ultraschallbefeuchter LRP4.0 - Supersonic<\/title>\n<meta name=\"robots\" content=\"index, follow, max-snippet:-1, max-image-preview:large, max-video-preview:-1\" \/>\n<link rel=\"canonical\" href=\"https:\/\/ps-sonic.com\/pt\/produto\/ultraschallbefeuchter-lrp4-0\/\" \/>\n<meta property=\"og:locale\" content=\"pt_PT\" \/>\n<meta property=\"og:type\" content=\"article\" \/>\n<meta property=\"og:title\" content=\"Ultraschallbefeuchter LRP4.0 - Supersonic\" \/>\n<meta property=\"og:description\" content=\"Der Ultraschallbefeuchter LRP4.0 ist ein Ramluftbefeuchter der LRP-Serie mit einer Befeuchterleistung von 4,0 kg\/h. Er besitzt eine eigene Steuerungsplatine inklusive einer 7-Segment-Anzeige und einem Taster zur Parametrierung. Standardm\u00e4\u00dfig ist ein Ablassventil zur Sp\u00fclung oder Entleerung des Ultraschallbefeuchters integriert.   Querstromventilatoren f\u00fcr eine optimale Verteilung der Feuchte.  Stetige Nebelproduktion durch Anliegen eines bauseitigen Spannungssignals.  Betriebs- sowie Alarmmeldung \u00fcber potentialfreie Kontakte f\u00fcr den Anschluss an die Geb\u00e4udeleittechnik.  Vorteile:   Nebelf\u00fchrungselemente mit Abtropfring  Querstromventilatoren f\u00fcr eine optimale Wurfweite  Feuchteproduktion ohne Verzug  Integriertes Ablassventil  Betriebs- und Alarmmeldung\" \/>\n<meta property=\"og:url\" content=\"https:\/\/ps-sonic.com\/pt\/produto\/ultraschallbefeuchter-lrp4-0\/\" \/>\n<meta property=\"og:site_name\" content=\"Supersonic\" \/>\n<meta property=\"article:modified_time\" content=\"2025-06-05T22:02:54+00:00\" \/>\n<meta property=\"og:image\" content=\"https:\/\/ps-sonic.com\/wp-content\/uploads\/2022\/07\/LRP4.0.png\" \/>\n\t<meta property=\"og:image:width\" content=\"2000\" \/>\n\t<meta property=\"og:image:height\" content=\"2000\" \/>\n\t<meta property=\"og:image:type\" content=\"image\/png\" \/>\n<meta name=\"twitter:card\" content=\"summary_large_image\" \/>\n<meta name=\"twitter:label1\" content=\"Tempo estimado de leitura\" \/>\n\t<meta name=\"twitter:data1\" content=\"1 minuto\" \/>\n<script type=\"application\/ld+json\" class=\"yoast-schema-graph\">{\"@context\":\"https:\/\/schema.org\",\"@graph\":[{\"@type\":\"WebSite\",\"@id\":\"https:\/\/ps-sonic.com\/#website\",\"url\":\"https:\/\/ps-sonic.com\/\",\"name\":\"Supersonic\",\"description\":\"Supersonic - A Arte da Humidifica\u00e7\u00e3o\",\"potentialAction\":[{\"@type\":\"SearchAction\",\"target\":{\"@type\":\"EntryPoint\",\"urlTemplate\":\"https:\/\/ps-sonic.com\/?s={search_term_string}\"},\"query-input\":\"required name=search_term_string\"}],\"inLanguage\":\"pt-PT\"},{\"@type\":\"ImageObject\",\"@id\":\"https:\/\/ps-sonic.com\/produto\/ultraschallbefeuchter-lrp4-0\/#primaryimage\",\"inLanguage\":\"pt-PT\",\"url\":\"https:\/\/ps-sonic.com\/wp-content\/uploads\/2022\/07\/LRP4.0.png\",\"contentUrl\":\"https:\/\/ps-sonic.com\/wp-content\/uploads\/2022\/07\/LRP4.0.png\",\"width\":2000,\"height\":2000},{\"@type\":\"WebPage\",\"@id\":\"https:\/\/ps-sonic.com\/produto\/ultraschallbefeuchter-lrp4-0\/#webpage\",\"url\":\"https:\/\/ps-sonic.com\/produto\/ultraschallbefeuchter-lrp4-0\/\",\"name\":\"Ultraschallbefeuchter LRP4.0 - Supersonic\",\"isPartOf\":{\"@id\":\"https:\/\/ps-sonic.com\/#website\"},\"primaryImageOfPage\":{\"@id\":\"https:\/\/ps-sonic.com\/produto\/ultraschallbefeuchter-lrp4-0\/#primaryimage\"},\"datePublished\":\"2022-07-08T09:58:19+00:00\",\"dateModified\":\"2025-06-05T22:02:54+00:00\",\"breadcrumb\":{\"@id\":\"https:\/\/ps-sonic.com\/produto\/ultraschallbefeuchter-lrp4-0\/#breadcrumb\"},\"inLanguage\":\"pt-PT\",\"potentialAction\":[{\"@type\":\"ReadAction\",\"target\":[\"https:\/\/ps-sonic.com\/produto\/ultraschallbefeuchter-lrp4-0\/\"]}]},{\"@type\":\"BreadcrumbList\",\"@id\":\"https:\/\/ps-sonic.com\/produto\/ultraschallbefeuchter-lrp4-0\/#breadcrumb\",\"itemListElement\":[{\"@type\":\"ListItem\",\"position\":1,\"name\":\"In\u00edcio\",\"item\":\"https:\/\/ps-sonic.com\/\"},{\"@type\":\"ListItem\",\"position\":2,\"name\":\"Produkt\",\"item\":\"https:\/\/ps-sonic.com\/produkt\/\"},{\"@type\":\"ListItem\",\"position\":3,\"name\":\"Ultraschallbefeuchter LRP4.0\"}]}]}<\/script>\n<!-- \/ Yoast SEO plugin. -->","yoast_head_json":{"title":"Ultraschallbefeuchter LRP4.0 - Supersonic","robots":{"index":"index","follow":"follow","max-snippet":"max-snippet:-1","max-image-preview":"max-image-preview:large","max-video-preview":"max-video-preview:-1"},"canonical":"https:\/\/ps-sonic.com\/pt\/produto\/ultraschallbefeuchter-lrp4-0\/","og_locale":"pt_PT","og_type":"article","og_title":"Ultraschallbefeuchter LRP4.0 - Supersonic","og_description":"Der Ultraschallbefeuchter LRP4.0 ist ein Ramluftbefeuchter der LRP-Serie mit einer Befeuchterleistung von 4,0 kg\/h. Er besitzt eine eigene Steuerungsplatine inklusive einer 7-Segment-Anzeige und einem Taster zur Parametrierung. Standardm\u00e4\u00dfig ist ein Ablassventil zur Sp\u00fclung oder Entleerung des Ultraschallbefeuchters integriert.   Querstromventilatoren f\u00fcr eine optimale Verteilung der Feuchte.  Stetige Nebelproduktion durch Anliegen eines bauseitigen Spannungssignals.  Betriebs- sowie Alarmmeldung \u00fcber potentialfreie Kontakte f\u00fcr den Anschluss an die Geb\u00e4udeleittechnik.  Vorteile:   Nebelf\u00fchrungselemente mit Abtropfring  Querstromventilatoren f\u00fcr eine optimale Wurfweite  Feuchteproduktion ohne Verzug  Integriertes Ablassventil  Betriebs- und Alarmmeldung","og_url":"https:\/\/ps-sonic.com\/pt\/produto\/ultraschallbefeuchter-lrp4-0\/","og_site_name":"Supersonic","article_modified_time":"2025-06-05T22:02:54+00:00","og_image":[{"width":2000,"height":2000,"url":"https:\/\/ps-sonic.com\/wp-content\/uploads\/2022\/07\/LRP4.0.png","type":"image\/png"}],"twitter_card":"summary_large_image","twitter_misc":{"Tempo estimado de leitura":"1 minuto"},"schema":{"@context":"https:\/\/schema.org","@graph":[{"@type":"WebSite","@id":"https:\/\/ps-sonic.com\/#website","url":"https:\/\/ps-sonic.com\/","name":"Supersonic","description":"Supersonic - A Arte da Humidifica\u00e7\u00e3o","potentialAction":[{"@type":"SearchAction","target":{"@type":"EntryPoint","urlTemplate":"https:\/\/ps-sonic.com\/?s={search_term_string}"},"query-input":"required name=search_term_string"}],"inLanguage":"pt-PT"},{"@type":"ImageObject","@id":"https:\/\/ps-sonic.com\/produto\/ultraschallbefeuchter-lrp4-0\/#primaryimage","inLanguage":"pt-PT","url":"https:\/\/ps-sonic.com\/wp-content\/uploads\/2022\/07\/LRP4.0.png","contentUrl":"https:\/\/ps-sonic.com\/wp-content\/uploads\/2022\/07\/LRP4.0.png","width":2000,"height":2000},{"@type":"WebPage","@id":"https:\/\/ps-sonic.com\/produto\/ultraschallbefeuchter-lrp4-0\/#webpage","url":"https:\/\/ps-sonic.com\/produto\/ultraschallbefeuchter-lrp4-0\/","name":"Ultraschallbefeuchter LRP4.0 - Supersonic","isPartOf":{"@id":"https:\/\/ps-sonic.com\/#website"},"primaryImageOfPage":{"@id":"https:\/\/ps-sonic.com\/produto\/ultraschallbefeuchter-lrp4-0\/#primaryimage"},"datePublished":"2022-07-08T09:58:19+00:00","dateModified":"2025-06-05T22:02:54+00:00","breadcrumb":{"@id":"https:\/\/ps-sonic.com\/produto\/ultraschallbefeuchter-lrp4-0\/#breadcrumb"},"inLanguage":"pt-PT","potentialAction":[{"@type":"ReadAction","target":["https:\/\/ps-sonic.com\/produto\/ultraschallbefeuchter-lrp4-0\/"]}]},{"@type":"BreadcrumbList","@id":"https:\/\/ps-sonic.com\/produto\/ultraschallbefeuchter-lrp4-0\/#breadcrumb","itemListElement":[{"@type":"ListItem","position":1,"name":"In\u00edcio","item":"https:\/\/ps-sonic.com\/"},{"@type":"ListItem","position":2,"name":"Produkt","item":"https:\/\/ps-sonic.com\/produkt\/"},{"@type":"ListItem","position":3,"name":"Ultraschallbefeuchter LRP4.0"}]}]}},"_links":{"self":[{"href":"https:\/\/ps-sonic.com\/pt\/wp-json\/wp\/v2\/product\/889"}],"collection":[{"href":"https:\/\/ps-sonic.com\/pt\/wp-json\/wp\/v2\/product"}],"about":[{"href":"https:\/\/ps-sonic.com\/pt\/wp-json\/wp\/v2\/types\/product"}],"replies":[{"embeddable":true,"href":"https:\/\/ps-sonic.com\/pt\/wp-json\/wp\/v2\/comments?post=889"}],"wp:featuredmedia":[{"embeddable":true,"href":"https:\/\/ps-sonic.com\/pt\/wp-json\/wp\/v2\/media\/952"}],"wp:attachment":[{"href":"https:\/\/ps-sonic.com\/pt\/wp-json\/wp\/v2\/media?parent=889"}],"wp:term":[{"taxonomy":"product_cat","embeddable":true,"href":"https:\/\/ps-sonic.com\/pt\/wp-json\/wp\/v2\/product_cat?post=889"},{"taxonomy":"product_tag","embeddable":true,"href":"https:\/\/ps-sonic.com\/pt\/wp-json\/wp\/v2\/product_tag?post=889"}],"curies":[{"name":"wp","href":"https:\/\/api.w.org\/{rel}","templated":true}]}}