{"id":893,"date":"2022-07-08T14:51:40","date_gmt":"2022-07-08T13:51:40","guid":{"rendered":"https:\/\/ps-sonic.com\/?post_type=product&#038;p=893"},"modified":"2025-04-11T23:44:53","modified_gmt":"2025-04-11T22:44:53","slug":"hygrostat-rh-2","status":"publish","type":"product","link":"https:\/\/ps-sonic.com\/pt\/produto\/hygrostat-rh-2\/","title":{"rendered":"Higr\u00f3stato RH-2"},"content":{"rendered":"<table width=\"632\">\n<tbody>\n<tr>\n<td colspan=\"3\" width=\"632\"><strong>Dados t\u00e9cnicos<\/strong><\/td>\n<\/tr>\n<tr>\n<td width=\"161\">Capacidade de comuta\u00e7\u00e3o<\/td>\n<td width=\"76\">V AC\/DC<\/td>\n<td width=\"396\">24<\/td>\n<\/tr>\n<tr>\n<td width=\"161\">Carga de contacto, m\u00e1x.<\/td>\n<td width=\"76\">A<\/td>\n<td width=\"396\">Desumidifica\u00e7\u00e3o: 5 (0,2), humidifica\u00e7\u00e3o: 3 (0,2)<\/td>\n<\/tr>\n<tr>\n<td width=\"161\">Carga de contacto, m\u00edn.<\/td>\n<td width=\"76\">mA<\/td>\n<td width=\"396\">min. 100<\/td>\n<\/tr>\n<tr>\n<td width=\"161\">Diferen\u00e7a de comuta\u00e7\u00e3o<\/td>\n<td width=\"76\">%<\/td>\n<td width=\"396\">ca. 4<\/td>\n<\/tr>\n<tr>\n<td width=\"161\">Contactos<\/td>\n<td width=\"76\">&nbsp;<\/td>\n<td width=\"396\">1 de comuta\u00e7\u00e3o, (sem potencial)<\/td>\n<\/tr>\n<tr>\n<td width=\"161\">Intervalo de ajuste<\/td>\n<td width=\"76\">%<\/td>\n<td width=\"396\">de 25 a 95<\/td>\n<\/tr>\n<tr>\n<td width=\"161\">Elemento do sensor<\/td>\n<td width=\"76\">&nbsp;<\/td>\n<td width=\"396\">fibra sint\u00e9tica<\/td>\n<\/tr>\n<tr>\n<td width=\"161\">Liga\u00e7\u00e3o el\u00e9trica<\/td>\n<td width=\"76\">mm\u00b2<\/td>\n<td width=\"396\">0,14 a 2,5 atrav\u00e9s de terminais roscados na PCB<\/td>\n<\/tr>\n<tr>\n<td width=\"161\">Caixa<\/td>\n<td width=\"76\">&nbsp;<\/td>\n<td width=\"396\">material sint\u00e9tico, material ABS, cor branco puro (semelhante a RAL 9010)<\/td>\n<\/tr>\n<tr>\n<td width=\"161\">Temperatura da caixa<\/td>\n<td width=\"76\">\u00b0C<\/td>\n<td width=\"396\">de 0 a +40<\/td>\n<\/tr>\n<tr>\n<td width=\"161\">Dimens\u00f5es<\/td>\n<td width=\"76\">mm<\/td>\n<td width=\"396\">98 x 98 x 39 (Baldur 2, com Poti)<\/td>\n<\/tr>\n<tr>\n<td width=\"161\">Montagem<\/td>\n<td width=\"76\">&nbsp;<\/td>\n<td width=\"396\">Montagem na parede ou em caixa de montagem embutida, \u00d8 55 mm,<br \/>\npe\u00e7a base com 4 orif\u00edcios, para montagem em caixas de montagem vertical ou horizontal para entrada de cabos na parte traseira, com ponto de rutura pr\u00e9-determinado para entrada de cabos em cima\/baixo com caixa de montagem superficial<\/td>\n<\/tr>\n<tr>\n<td width=\"161\">Toler\u00e2ncia<\/td>\n<td width=\"76\">%<\/td>\n<td width=\"396\">m\u00e1x. 3<\/td>\n<\/tr>\n<tr>\n<td width=\"161\">Classe de prote\u00e7\u00e3o<\/td>\n<td width=\"76\">&nbsp;<\/td>\n<td width=\"396\">III (conforme a EN 60730)<\/td>\n<\/tr>\n<tr>\n<td width=\"161\">Grau de prote\u00e7\u00e3o<\/td>\n<td width=\"76\">IP<\/td>\n<td width=\"396\">30 (conforme a EN 60529)<\/td>\n<\/tr>\n<\/tbody>\n<\/table>","protected":false},"excerpt":{"rendered":"<p>O higr\u00f3stato mec\u00e2nico RH-2 com sa\u00edda de comuta\u00e7\u00e3o, funciona sem tens\u00e3o externa, mas com elemento de medi\u00e7\u00e3o de humidade para o ajuste do ponto de comuta\u00e7\u00e3o. A caixa \u00e9 feita de pl\u00e1stico ABS, a parte inferior tem uma fixa\u00e7\u00e3o de 4 orif\u00edcios para montagem em caixas de montagem vertical ou horizontal embutidas, incluindo ponto de rutura pr\u00e9-determinado para liga\u00e7\u00e3o \u00e0 superf\u00edcie.<\/p>\n<p>&nbsp;<\/p>\n<p>Caracter\u00edsticas<\/p>\n<ul>\n<li>Cor branco puro (semelhante a RAL9010)<\/li>\n<li>1 contacto de comuta\u00e7\u00e3o<\/li>\n<li>Ajustador de ponto de ajuste 30 a 95% de h. r.<\/li>\n<li>Formato quadrado<\/li>\n<\/ul>","protected":false},"featured_media":0,"comment_status":"open","ping_status":"closed","template":"","meta":[],"product_cat":[41,20],"product_tag":[],"yoast_head":"<!-- This site is optimized with the Yoast SEO plugin v18.6 - https:\/\/yoast.com\/wordpress\/plugins\/seo\/ -->\n<title>Hygrostat RH-2 - Supersonic<\/title>\n<meta name=\"robots\" content=\"index, follow, max-snippet:-1, max-image-preview:large, max-video-preview:-1\" \/>\n<link rel=\"canonical\" href=\"https:\/\/ps-sonic.com\/pt\/produto\/hygrostat-rh-2\/\" \/>\n<meta property=\"og:locale\" content=\"pt_PT\" \/>\n<meta property=\"og:type\" content=\"article\" \/>\n<meta property=\"og:title\" content=\"Hygrostat RH-2 - Supersonic\" \/>\n<meta property=\"og:description\" content=\"Das mechanische Raumhygrostat RH-2 mit schaltendem Ausgang, arbeitet ohne Fremdspannung, aber mit Feuchtemesselement f\u00fcr die Schaltpunkteinstellung. Das Geh\u00e4use ist aus Kunststoff-ABS, das Unterteil besitzt eine 4-Lochbefestigung f\u00fcr die Montage auf senkrecht oder waagerecht installierten Unterputzdosen inkl. Sollbruchstelle f\u00fcr den Aufputzanschluss.  &nbsp;  Eigenschaften   Farbe Reinwei\u00df (\u00e4hnlich RAL9010)  1-Wechslerkontakt  Sollwertsteller 30 bis 95 % r. F.  Quadratische Form\" \/>\n<meta property=\"og:url\" content=\"https:\/\/ps-sonic.com\/pt\/produto\/hygrostat-rh-2\/\" \/>\n<meta property=\"og:site_name\" content=\"Supersonic\" \/>\n<meta property=\"article:modified_time\" content=\"2025-04-11T22:44:53+00:00\" \/>\n<meta name=\"twitter:card\" content=\"summary_large_image\" \/>\n<script type=\"application\/ld+json\" class=\"yoast-schema-graph\">{\"@context\":\"https:\/\/schema.org\",\"@graph\":[{\"@type\":\"WebSite\",\"@id\":\"https:\/\/ps-sonic.com\/#website\",\"url\":\"https:\/\/ps-sonic.com\/\",\"name\":\"Supersonic\",\"description\":\"Supersonic - A Arte da Humidifica\u00e7\u00e3o\",\"potentialAction\":[{\"@type\":\"SearchAction\",\"target\":{\"@type\":\"EntryPoint\",\"urlTemplate\":\"https:\/\/ps-sonic.com\/?s={search_term_string}\"},\"query-input\":\"required name=search_term_string\"}],\"inLanguage\":\"pt-PT\"},{\"@type\":\"WebPage\",\"@id\":\"https:\/\/ps-sonic.com\/produto\/hygrostat-rh-2\/#webpage\",\"url\":\"https:\/\/ps-sonic.com\/produto\/hygrostat-rh-2\/\",\"name\":\"Hygrostat RH-2 - Supersonic\",\"isPartOf\":{\"@id\":\"https:\/\/ps-sonic.com\/#website\"},\"datePublished\":\"2022-07-08T13:51:40+00:00\",\"dateModified\":\"2025-04-11T22:44:53+00:00\",\"breadcrumb\":{\"@id\":\"https:\/\/ps-sonic.com\/produto\/hygrostat-rh-2\/#breadcrumb\"},\"inLanguage\":\"pt-PT\",\"potentialAction\":[{\"@type\":\"ReadAction\",\"target\":[\"https:\/\/ps-sonic.com\/produto\/hygrostat-rh-2\/\"]}]},{\"@type\":\"BreadcrumbList\",\"@id\":\"https:\/\/ps-sonic.com\/produto\/hygrostat-rh-2\/#breadcrumb\",\"itemListElement\":[{\"@type\":\"ListItem\",\"position\":1,\"name\":\"In\u00edcio\",\"item\":\"https:\/\/ps-sonic.com\/\"},{\"@type\":\"ListItem\",\"position\":2,\"name\":\"Produkt\",\"item\":\"https:\/\/ps-sonic.com\/produkt\/\"},{\"@type\":\"ListItem\",\"position\":3,\"name\":\"Hygrostat RH-2\"}]}]}<\/script>\n<!-- \/ Yoast SEO plugin. -->","yoast_head_json":{"title":"Hygrostat RH-2 - Supersonic","robots":{"index":"index","follow":"follow","max-snippet":"max-snippet:-1","max-image-preview":"max-image-preview:large","max-video-preview":"max-video-preview:-1"},"canonical":"https:\/\/ps-sonic.com\/pt\/produto\/hygrostat-rh-2\/","og_locale":"pt_PT","og_type":"article","og_title":"Hygrostat RH-2 - Supersonic","og_description":"Das mechanische Raumhygrostat RH-2 mit schaltendem Ausgang, arbeitet ohne Fremdspannung, aber mit Feuchtemesselement f\u00fcr die Schaltpunkteinstellung. Das Geh\u00e4use ist aus Kunststoff-ABS, das Unterteil besitzt eine 4-Lochbefestigung f\u00fcr die Montage auf senkrecht oder waagerecht installierten Unterputzdosen inkl. Sollbruchstelle f\u00fcr den Aufputzanschluss.  &nbsp;  Eigenschaften   Farbe Reinwei\u00df (\u00e4hnlich RAL9010)  1-Wechslerkontakt  Sollwertsteller 30 bis 95 % r. F.  Quadratische Form","og_url":"https:\/\/ps-sonic.com\/pt\/produto\/hygrostat-rh-2\/","og_site_name":"Supersonic","article_modified_time":"2025-04-11T22:44:53+00:00","twitter_card":"summary_large_image","schema":{"@context":"https:\/\/schema.org","@graph":[{"@type":"WebSite","@id":"https:\/\/ps-sonic.com\/#website","url":"https:\/\/ps-sonic.com\/","name":"Supersonic","description":"Supersonic - A Arte da Humidifica\u00e7\u00e3o","potentialAction":[{"@type":"SearchAction","target":{"@type":"EntryPoint","urlTemplate":"https:\/\/ps-sonic.com\/?s={search_term_string}"},"query-input":"required name=search_term_string"}],"inLanguage":"pt-PT"},{"@type":"WebPage","@id":"https:\/\/ps-sonic.com\/produto\/hygrostat-rh-2\/#webpage","url":"https:\/\/ps-sonic.com\/produto\/hygrostat-rh-2\/","name":"Hygrostat RH-2 - Supersonic","isPartOf":{"@id":"https:\/\/ps-sonic.com\/#website"},"datePublished":"2022-07-08T13:51:40+00:00","dateModified":"2025-04-11T22:44:53+00:00","breadcrumb":{"@id":"https:\/\/ps-sonic.com\/produto\/hygrostat-rh-2\/#breadcrumb"},"inLanguage":"pt-PT","potentialAction":[{"@type":"ReadAction","target":["https:\/\/ps-sonic.com\/produto\/hygrostat-rh-2\/"]}]},{"@type":"BreadcrumbList","@id":"https:\/\/ps-sonic.com\/produto\/hygrostat-rh-2\/#breadcrumb","itemListElement":[{"@type":"ListItem","position":1,"name":"In\u00edcio","item":"https:\/\/ps-sonic.com\/"},{"@type":"ListItem","position":2,"name":"Produkt","item":"https:\/\/ps-sonic.com\/produkt\/"},{"@type":"ListItem","position":3,"name":"Hygrostat RH-2"}]}]}},"_links":{"self":[{"href":"https:\/\/ps-sonic.com\/pt\/wp-json\/wp\/v2\/product\/893"}],"collection":[{"href":"https:\/\/ps-sonic.com\/pt\/wp-json\/wp\/v2\/product"}],"about":[{"href":"https:\/\/ps-sonic.com\/pt\/wp-json\/wp\/v2\/types\/product"}],"replies":[{"embeddable":true,"href":"https:\/\/ps-sonic.com\/pt\/wp-json\/wp\/v2\/comments?post=893"}],"wp:attachment":[{"href":"https:\/\/ps-sonic.com\/pt\/wp-json\/wp\/v2\/media?parent=893"}],"wp:term":[{"taxonomy":"product_cat","embeddable":true,"href":"https:\/\/ps-sonic.com\/pt\/wp-json\/wp\/v2\/product_cat?post=893"},{"taxonomy":"product_tag","embeddable":true,"href":"https:\/\/ps-sonic.com\/pt\/wp-json\/wp\/v2\/product_tag?post=893"}],"curies":[{"name":"wp","href":"https:\/\/api.w.org\/{rel}","templated":true}]}}